{"id":295,"date":"2024-07-01T12:21:22","date_gmt":"2024-07-01T15:21:22","guid":{"rendered":"http:\/\/10.20.162.6\/wordpress\/?page_id=295"},"modified":"2025-09-04T14:05:54","modified_gmt":"2025-09-04T17:05:54","slug":"credito","status":"publish","type":"page","link":"https:\/\/imtvhs.gob.ar\/wordpress\/index.php\/credito\/","title":{"rendered":"credito"},"content":{"rendered":"\t\t<div data-elementor-type=\"wp-page\" data-elementor-id=\"295\" class=\"elementor elementor-295\">\n\t\t\t\t<div class=\"elementor-element elementor-element-cb3eae3 e-flex e-con-boxed e-con e-parent\" data-id=\"cb3eae3\" data-element_type=\"container\" data-e-type=\"container\">\n\t\t\t\t\t<div class=\"e-con-inner\">\n\t\t<div class=\"elementor-element elementor-element-2b9a809 e-flex e-con-boxed e-con e-child\" data-id=\"2b9a809\" data-element_type=\"container\" data-e-type=\"container\">\n\t\t\t\t\t<div class=\"e-con-inner\">\n\t\t<div class=\"elementor-element elementor-element-ba34827 e-flex e-con-boxed e-con e-child\" data-id=\"ba34827\" data-element_type=\"container\" data-e-type=\"container\">\n\t\t\t\t\t<div class=\"e-con-inner\">\n\t\t<div class=\"elementor-element elementor-element-d4f7808 e-flex e-con-boxed e-con e-child\" data-id=\"d4f7808\" data-element_type=\"container\" data-e-type=\"container\">\n\t\t\t\t\t<div class=\"e-con-inner\">\n\t\t\t\t<div class=\"elementor-element elementor-element-7785c83 elementor-widget elementor-widget-text-editor\" data-id=\"7785c83\" data-element_type=\"widget\" data-e-type=\"widget\" data-widget_type=\"text-editor.default\">\n\t\t\t\t<div class=\"elementor-widget-container\">\n\t\t\t\t\t\t\t\t\t<p><a href=\"https:\/\/imtvhs.gob.ar\/wordpress\">&lt;&lt;&lt; VOLVER<\/a><\/p>\t\t\t\t\t\t\t\t<\/div>\n\t\t\t\t<\/div>\n\t\t\t\t\t<\/div>\n\t\t\t\t<\/div>\n\t\t<div class=\"elementor-element elementor-element-b00cd02 e-flex e-con-boxed e-con e-child\" data-id=\"b00cd02\" data-element_type=\"container\" data-e-type=\"container\">\n\t\t\t\t\t<div class=\"e-con-inner\">\n\t\t<div class=\"elementor-element elementor-element-f388aa6 e-con-full e-flex e-con e-child\" data-id=\"f388aa6\" data-element_type=\"container\" data-e-type=\"container\">\n\t\t\t\t<div class=\"elementor-element elementor-element-6c557a5 elementor-widget elementor-widget-image\" data-id=\"6c557a5\" data-element_type=\"widget\" data-e-type=\"widget\" data-widget_type=\"image.default\">\n\t\t\t\t<div class=\"elementor-widget-container\">\n\t\t\t\t\t\t\t\t\t\t\t\t\t\t\t<img fetchpriority=\"high\" decoding=\"async\" width=\"1024\" height=\"1024\" src=\"https:\/\/imtvhs.gob.ar\/wordpress\/wp-content\/uploads\/2024\/06\/Post-para-Instagram-Curso-online-de-idiomas-Moderno-Gris-2.png\" class=\"attachment-large size-large wp-image-137\" alt=\"\" srcset=\"https:\/\/imtvhs.gob.ar\/wordpress\/wp-content\/uploads\/2024\/06\/Post-para-Instagram-Curso-online-de-idiomas-Moderno-Gris-2.png 1080w, https:\/\/imtvhs.gob.ar\/wordpress\/wp-content\/uploads\/2024\/06\/elementor\/thumbs\/Post-para-Instagram-Curso-online-de-idiomas-Moderno-Gris-2-qrat99jhw75udb20ubtf5i59ny5j867l16afyhrx74.png 200w\" sizes=\"(max-width: 1024px) 100vw, 1024px\" \/>\t\t\t\t\t\t\t\t\t\t\t\t\t\t\t<\/div>\n\t\t\t\t<\/div>\n\t\t\t\t<\/div>\n\t\t<div class=\"elementor-element elementor-element-a9deb06 e-con-full e-flex e-con e-child\" data-id=\"a9deb06\" data-element_type=\"container\" data-e-type=\"container\">\n\t\t\t\t<div class=\"elementor-element elementor-element-0d44879 elementor-widget elementor-widget-text-editor\" data-id=\"0d44879\" data-element_type=\"widget\" data-e-type=\"widget\" data-widget_type=\"text-editor.default\">\n\t\t\t\t<div class=\"elementor-widget-container\">\n\t\t\t\t\t\t\t\t\t<h4>\u00a0<\/h4><h5>Brindamos pr\u00e9stamos sociales para la compra de materiales, realizando el seguimiento del mejoramiento.<\/h5>\t\t\t\t\t\t\t\t<\/div>\n\t\t\t\t<\/div>\n\t\t\t\t<\/div>\n\t\t\t\t\t<\/div>\n\t\t\t\t<\/div>\n\t\t\t\t\t<\/div>\n\t\t\t\t<\/div>\n\t\t\t\t\t<\/div>\n\t\t\t\t<\/div>\n\t\t\t\t\t<\/div>\n\t\t\t\t<\/div>\n\t\t<div class=\"elementor-element elementor-element-ed8b6ba e-flex e-con-boxed e-con e-parent\" data-id=\"ed8b6ba\" data-element_type=\"container\" data-e-type=\"container\">\n\t\t\t\t\t<div class=\"e-con-inner\">\n\t\t<div class=\"elementor-element elementor-element-4e47ad5 e-con-full e-flex e-con e-child\" data-id=\"4e47ad5\" data-element_type=\"container\" data-e-type=\"container\">\n\t\t\t\t<div class=\"elementor-element elementor-element-ba4dccd elementor-widget elementor-widget-heading\" data-id=\"ba4dccd\" data-element_type=\"widget\" data-e-type=\"widget\" data-widget_type=\"heading.default\">\n\t\t\t\t<div class=\"elementor-widget-container\">\n\t\t\t\t\t<h2 class=\"elementor-heading-title elementor-size-default\">\u00bfQu\u00e9 es un microcr\u00e9dito?<\/h2>\t\t\t\t<\/div>\n\t\t\t\t<\/div>\n\t\t\t\t<div class=\"elementor-element elementor-element-b050b75 elementor-widget elementor-widget-text-editor\" data-id=\"b050b75\" data-element_type=\"widget\" data-e-type=\"widget\" data-widget_type=\"text-editor.default\">\n\t\t\t\t<div class=\"elementor-widget-container\">\n\t\t\t\t\t\t\t\t\t<p>Para que las familias de sectores populares sin acceso a cr\u00e9ditos bancarios tradicionales puedan realizar mejoras habitacionales en sus hogares, el IMTVHS cuenta con un Programa de Microcr\u00e9ditos con baja tasa de inter\u00e9s.<br \/>Se trata de peque\u00f1os pr\u00e9stamos para mejorar la calidad habitacional de las familias que cuentan con el acompa\u00f1amiento, apoyo t\u00e9cnico y asesoramiento del equipo social del Instituto. Pueden destinarse a la compra de materiales para la mejora de la vivienda existente.<br \/>Una herramienta de la econom\u00eda social que no tiene fin de lucro \u2013 a diferencia de los cr\u00e9ditos tradicionales-, sino que busca una mejora en la calidad de vida de los m\u00e1s necesitados.<\/p>\t\t\t\t\t\t\t\t<\/div>\n\t\t\t\t<\/div>\n\t\t\t\t<\/div>\n\t\t<div class=\"elementor-element elementor-element-5a0437f e-con-full e-flex e-con e-child\" data-id=\"5a0437f\" data-element_type=\"container\" data-e-type=\"container\">\n\t\t\t\t<div class=\"elementor-element elementor-element-1d6060e elementor-widget elementor-widget-heading\" data-id=\"1d6060e\" data-element_type=\"widget\" data-e-type=\"widget\" data-widget_type=\"heading.default\">\n\t\t\t\t<div class=\"elementor-widget-container\">\n\t\t\t\t\t<h2 class=\"elementor-heading-title elementor-size-default\">\u00bfC\u00f3mo gestionarlo?<\/h2>\t\t\t\t<\/div>\n\t\t\t\t<\/div>\n\t\t\t\t<div class=\"elementor-element elementor-element-f2d1411 elementor-widget elementor-widget-text-editor\" data-id=\"f2d1411\" data-element_type=\"widget\" data-e-type=\"widget\" data-widget_type=\"text-editor.default\">\n\t\t\t\t<div class=\"elementor-widget-container\">\n\t\t\t\t\t\t\t\t\t<p>El Programa Microcr\u00e9ditos para Mejoramiento Habitacional cuenta con una partida presupuestaria anual. Para consultar la disponibilidad, montos, tasas y requisitos, comun\u00edquese con el Departamento de Abordaje Territorial:<\/p><p>Correo: abordaje.tierras@imtvhs.gob.ar<br \/>WhatsApp: 2944804868 (s\u00f3lo texto)<\/p>\t\t\t\t\t\t\t\t<\/div>\n\t\t\t\t<\/div>\n\t\t\t\t<\/div>\n\t\t\t\t\t<\/div>\n\t\t\t\t<\/div>\n\t\t<div class=\"elementor-element elementor-element-0af3195 e-flex e-con-boxed e-con e-parent\" data-id=\"0af3195\" data-element_type=\"container\" data-e-type=\"container\">\n\t\t\t\t\t<div class=\"e-con-inner\">\n\t\t<div class=\"elementor-element elementor-element-164b32a e-flex e-con-boxed e-con e-child\" data-id=\"164b32a\" data-element_type=\"container\" data-e-type=\"container\">\n\t\t\t\t\t<div class=\"e-con-inner\">\n\t\t<div class=\"elementor-element elementor-element-f4075d5 e-flex e-con-boxed e-con e-child\" data-id=\"f4075d5\" data-element_type=\"container\" data-e-type=\"container\">\n\t\t\t\t\t<div class=\"e-con-inner\">\n\t\t<div class=\"elementor-element elementor-element-bfb546b e-flex e-con-boxed e-con e-child\" data-id=\"bfb546b\" data-element_type=\"container\" data-e-type=\"container\">\n\t\t\t\t\t<div class=\"e-con-inner\">\n\t\t<div class=\"elementor-element elementor-element-100be0b e-flex e-con-boxed e-con e-child\" data-id=\"100be0b\" data-element_type=\"container\" data-e-type=\"container\">\n\t\t\t\t\t<div class=\"e-con-inner\">\n\t\t\t\t<div class=\"elementor-element elementor-element-cf48fec elementor-widget elementor-widget-image\" data-id=\"cf48fec\" data-element_type=\"widget\" data-e-type=\"widget\" data-widget_type=\"image.default\">\n\t\t\t\t<div class=\"elementor-widget-container\">\n\t\t\t\t\t\t\t\t\t\t\t\t\t\t\t<img decoding=\"async\" width=\"1024\" height=\"157\" src=\"https:\/\/imtvhs.gob.ar\/wordpress\/wp-content\/uploads\/2024\/06\/logo_encabezado.jpg\" class=\"attachment-large size-large wp-image-136\" alt=\"\" \/>\t\t\t\t\t\t\t\t\t\t\t\t\t\t\t<\/div>\n\t\t\t\t<\/div>\n\t\t\t\t\t<\/div>\n\t\t\t\t<\/div>\n\t\t\t\t\t<\/div>\n\t\t\t\t<\/div>\n\t\t\t\t\t<\/div>\n\t\t\t\t<\/div>\n\t\t\t\t\t<\/div>\n\t\t\t\t<\/div>\n\t\t\t\t\t<\/div>\n\t\t\t\t<\/div>\n\t\t\t\t<\/div>\n\t\t","protected":false},"excerpt":{"rendered":"<p>&lt;&lt;&lt; VOLVER \u00a0 Brindamos pr\u00e9stamos sociales para la compra de materiales, realizando el seguimiento del mejoramiento. \u00bfQu\u00e9 es un microcr\u00e9dito? [&hellip;]<\/p>\n","protected":false},"author":3,"featured_media":0,"parent":0,"menu_order":0,"comment_status":"closed","ping_status":"closed","template":"","meta":{"site-sidebar-layout":"no-sidebar","site-content-layout":"","ast-site-content-layout":"full-width-container","site-content-style":"default","site-sidebar-style":"default","ast-global-header-display":"","ast-banner-title-visibility":"","ast-main-header-display":"","ast-hfb-above-header-display":"","ast-hfb-below-header-display":"","ast-hfb-mobile-header-display":"","site-post-title":"disabled","ast-breadcrumbs-content":"","ast-featured-img":"disabled","footer-sml-layout":"","ast-disable-related-posts":"","theme-transparent-header-meta":"","adv-header-id-meta":"","stick-header-meta":"","header-above-stick-meta":"","header-main-stick-meta":"","header-below-stick-meta":"","astra-migrate-meta-layouts":"default","ast-page-background-enabled":"default","ast-page-background-meta":{"desktop":{"background-color":"var(--ast-global-color-4)","background-image":"","background-repeat":"repeat","background-position":"center center","background-size":"auto","background-attachment":"scroll","background-type":"","background-media":"","overlay-type":"","overlay-color":"","overlay-opacity":"","overlay-gradient":""},"tablet":{"background-color":"","background-image":"","background-repeat":"repeat","background-position":"center center","background-size":"auto","background-attachment":"scroll","background-type":"","background-media":"","overlay-type":"","overlay-color":"","overlay-opacity":"","overlay-gradient":""},"mobile":{"background-color":"","background-image":"","background-repeat":"repeat","background-position":"center center","background-size":"auto","background-attachment":"scroll","background-type":"","background-media":"","overlay-type":"","overlay-color":"","overlay-opacity":"","overlay-gradient":""}},"ast-content-background-meta":{"desktop":{"background-color":"var(--ast-global-color-5)","background-image":"","background-repeat":"repeat","background-position":"center center","background-size":"auto","background-attachment":"scroll","background-type":"","background-media":"","overlay-type":"","overlay-color":"","overlay-opacity":"","overlay-gradient":""},"tablet":{"background-color":"var(--ast-global-color-5)","background-image":"","background-repeat":"repeat","background-position":"center center","background-size":"auto","background-attachment":"scroll","background-type":"","background-media":"","overlay-type":"","overlay-color":"","overlay-opacity":"","overlay-gradient":""},"mobile":{"background-color":"var(--ast-global-color-5)","background-image":"","background-repeat":"repeat","background-position":"center center","background-size":"auto","background-attachment":"scroll","background-type":"","background-media":"","overlay-type":"","overlay-color":"","overlay-opacity":"","overlay-gradient":""}},"footnotes":""},"class_list":["post-295","page","type-page","status-publish","hentry"],"_links":{"self":[{"href":"https:\/\/imtvhs.gob.ar\/wordpress\/index.php\/wp-json\/wp\/v2\/pages\/295","targetHints":{"allow":["GET"]}}],"collection":[{"href":"https:\/\/imtvhs.gob.ar\/wordpress\/index.php\/wp-json\/wp\/v2\/pages"}],"about":[{"href":"https:\/\/imtvhs.gob.ar\/wordpress\/index.php\/wp-json\/wp\/v2\/types\/page"}],"author":[{"embeddable":true,"href":"https:\/\/imtvhs.gob.ar\/wordpress\/index.php\/wp-json\/wp\/v2\/users\/3"}],"replies":[{"embeddable":true,"href":"https:\/\/imtvhs.gob.ar\/wordpress\/index.php\/wp-json\/wp\/v2\/comments?post=295"}],"version-history":[{"count":12,"href":"https:\/\/imtvhs.gob.ar\/wordpress\/index.php\/wp-json\/wp\/v2\/pages\/295\/revisions"}],"predecessor-version":[{"id":435,"href":"https:\/\/imtvhs.gob.ar\/wordpress\/index.php\/wp-json\/wp\/v2\/pages\/295\/revisions\/435"}],"wp:attachment":[{"href":"https:\/\/imtvhs.gob.ar\/wordpress\/index.php\/wp-json\/wp\/v2\/media?parent=295"}],"curies":[{"name":"wp","href":"https:\/\/api.w.org\/{rel}","templated":true}]}}