{"id":328,"date":"2024-07-03T10:20:05","date_gmt":"2024-07-03T13:20:05","guid":{"rendered":"http:\/\/10.20.162.6\/wordpress\/?page_id=328"},"modified":"2024-07-23T11:09:54","modified_gmt":"2024-07-23T14:09:54","slug":"emimicion","status":"publish","type":"page","link":"https:\/\/imtvhs.gob.ar\/wordpress\/index.php\/emimicion\/","title":{"rendered":"eximici\u00f3n"},"content":{"rendered":"\t\t<div data-elementor-type=\"wp-page\" data-elementor-id=\"328\" class=\"elementor elementor-328\">\n\t\t\t\t<div class=\"elementor-element elementor-element-020551f e-flex e-con-boxed e-con e-parent\" data-id=\"020551f\" data-element_type=\"container\" data-e-type=\"container\">\n\t\t\t\t\t<div class=\"e-con-inner\">\n\t\t<div class=\"elementor-element elementor-element-e347aed e-flex e-con-boxed e-con e-child\" data-id=\"e347aed\" data-element_type=\"container\" data-e-type=\"container\">\n\t\t\t\t\t<div class=\"e-con-inner\">\n\t\t<div class=\"elementor-element elementor-element-7821ee2 e-flex e-con-boxed e-con e-child\" data-id=\"7821ee2\" data-element_type=\"container\" data-e-type=\"container\">\n\t\t\t\t\t<div class=\"e-con-inner\">\n\t\t<div class=\"elementor-element elementor-element-4c29a9a e-flex e-con-boxed e-con e-child\" data-id=\"4c29a9a\" data-element_type=\"container\" data-e-type=\"container\">\n\t\t\t\t\t<div class=\"e-con-inner\">\n\t\t\t\t<div class=\"elementor-element elementor-element-efa267b elementor-widget elementor-widget-text-editor\" data-id=\"efa267b\" data-element_type=\"widget\" data-e-type=\"widget\" data-widget_type=\"text-editor.default\">\n\t\t\t\t<div class=\"elementor-widget-container\">\n\t\t\t\t\t\t\t\t\t<p><a href=\"https:\/\/imtvhs.gob.ar\/wordpress\">&lt;&lt;&lt; VOLVER<\/a><\/p>\t\t\t\t\t\t\t\t<\/div>\n\t\t\t\t<\/div>\n\t\t\t\t\t<\/div>\n\t\t\t\t<\/div>\n\t\t<div class=\"elementor-element elementor-element-b92eb43 e-flex e-con-boxed e-con e-child\" data-id=\"b92eb43\" data-element_type=\"container\" data-e-type=\"container\">\n\t\t\t\t\t<div class=\"e-con-inner\">\n\t\t<div class=\"elementor-element elementor-element-d8e0451 e-con-full e-flex e-con e-child\" data-id=\"d8e0451\" data-element_type=\"container\" data-e-type=\"container\">\n\t\t\t\t<div class=\"elementor-element elementor-element-c735e14 elementor-widget elementor-widget-image\" data-id=\"c735e14\" data-element_type=\"widget\" data-e-type=\"widget\" data-widget_type=\"image.default\">\n\t\t\t\t<div class=\"elementor-widget-container\">\n\t\t\t\t\t\t\t\t\t\t\t\t\t\t\t<img fetchpriority=\"high\" decoding=\"async\" width=\"1024\" height=\"1024\" src=\"https:\/\/imtvhs.gob.ar\/wordpress\/wp-content\/uploads\/2024\/07\/Post-para-Instagram-Curso-online-de-idiomas-Moderno-Gris-3.png\" class=\"attachment-large size-large wp-image-319\" alt=\"\" srcset=\"https:\/\/imtvhs.gob.ar\/wordpress\/wp-content\/uploads\/2024\/07\/Post-para-Instagram-Curso-online-de-idiomas-Moderno-Gris-3.png 1080w, https:\/\/imtvhs.gob.ar\/wordpress\/wp-content\/uploads\/2024\/07\/elementor\/thumbs\/Post-para-Instagram-Curso-online-de-idiomas-Moderno-Gris-3-qrat99jhw75udb20ubtf5i59ny5j867l16afyhrx74.png 200w\" sizes=\"(max-width: 1024px) 100vw, 1024px\" \/>\t\t\t\t\t\t\t\t\t\t\t\t\t\t\t<\/div>\n\t\t\t\t<\/div>\n\t\t\t\t<\/div>\n\t\t<div class=\"elementor-element elementor-element-2907686 e-con-full e-flex e-con e-child\" data-id=\"2907686\" data-element_type=\"container\" data-e-type=\"container\">\n\t\t\t\t<div class=\"elementor-element elementor-element-b5a97cb elementor-widget elementor-widget-text-editor\" data-id=\"b5a97cb\" data-element_type=\"widget\" data-e-type=\"widget\" data-widget_type=\"text-editor.default\">\n\t\t\t\t<div class=\"elementor-widget-container\">\n\t\t\t\t\t\t\t\t\t<h4>\u00a0<\/h4><h5>En el IMTVHS facilitamos el acceso a los servicios esenciales, eximiendo de la presentaci\u00f3n del Certificado de Dominio a familias que re\u00fanen los requisitos.<\/h5>\t\t\t\t\t\t\t\t<\/div>\n\t\t\t\t<\/div>\n\t\t\t\t<\/div>\n\t\t\t\t\t<\/div>\n\t\t\t\t<\/div>\n\t\t\t\t\t<\/div>\n\t\t\t\t<\/div>\n\t\t\t\t\t<\/div>\n\t\t\t\t<\/div>\n\t\t\t\t\t<\/div>\n\t\t\t\t<\/div>\n\t\t<div class=\"elementor-element elementor-element-d867170 e-flex e-con-boxed e-con e-parent\" data-id=\"d867170\" data-element_type=\"container\" data-e-type=\"container\">\n\t\t\t\t\t<div class=\"e-con-inner\">\n\t\t\t\t<div class=\"elementor-element elementor-element-7af8495 elementor-widget elementor-widget-text-editor\" data-id=\"7af8495\" data-element_type=\"widget\" data-e-type=\"widget\" data-widget_type=\"text-editor.default\">\n\t\t\t\t<div class=\"elementor-widget-container\">\n\t\t\t\t\t\t\t\t\t<p>El Certificado de Dominio expedido por el Registro de la Propiedad es requerido por los prestadores para la tramitaci\u00f3n de la extensi\u00f3n de la red de gas o la conexi\u00f3n de servicios b\u00e1sicos, como la luz, el agua o las cloacas.<br \/>Sin embargo, existen en nuestra ciudad una gran cantidad de familias que detentan la posesi\u00f3n de inmuebles de buena fe, y que mantienen la ocupaci\u00f3n de los mismos de manera continua pacifica e ininterrumpida.<br \/>En el IMTVHS se inicia el tr\u00e1mite para eximir a esas familias de la presentaci\u00f3n del Certificado de Dominio para poder acceder a esos servicios b\u00e1sicos, siempre y cuando cuenten con los debidos informes sociales y cumplimenten la presentaci\u00f3n de la documentaci\u00f3n requerida.<\/p>\t\t\t\t\t\t\t\t<\/div>\n\t\t\t\t<\/div>\n\t\t\t\t\t<\/div>\n\t\t\t\t<\/div>\n\t\t<div class=\"elementor-element elementor-element-da22224 e-flex e-con-boxed e-con e-parent\" data-id=\"da22224\" data-element_type=\"container\" data-e-type=\"container\">\n\t\t\t\t\t<div class=\"e-con-inner\">\n\t\t<div class=\"elementor-element elementor-element-f055a2a e-con-full e-flex e-con e-child\" data-id=\"f055a2a\" data-element_type=\"container\" data-e-type=\"container\">\n\t\t\t\t<div class=\"elementor-element elementor-element-be3b0cb elementor-view-default elementor-position-block-start elementor-mobile-position-block-start elementor-widget elementor-widget-icon-box\" data-id=\"be3b0cb\" data-element_type=\"widget\" data-e-type=\"widget\" data-widget_type=\"icon-box.default\">\n\t\t\t\t<div class=\"elementor-widget-container\">\n\t\t\t\t\t\t\t<div class=\"elementor-icon-box-wrapper\">\n\n\t\t\t\t\t\t<div class=\"elementor-icon-box-icon\">\n\t\t\t\t<span  class=\"elementor-icon\">\n\t\t\t\t<svg aria-hidden=\"true\" class=\"e-font-icon-svg e-fas-list-ul\" viewBox=\"0 0 512 512\" xmlns=\"http:\/\/www.w3.org\/2000\/svg\"><path d=\"M48 48a48 48 0 1 0 48 48 48 48 0 0 0-48-48zm0 160a48 48 0 1 0 48 48 48 48 0 0 0-48-48zm0 160a48 48 0 1 0 48 48 48 48 0 0 0-48-48zm448 16H176a16 16 0 0 0-16 16v32a16 16 0 0 0 16 16h320a16 16 0 0 0 16-16v-32a16 16 0 0 0-16-16zm0-320H176a16 16 0 0 0-16 16v32a16 16 0 0 0 16 16h320a16 16 0 0 0 16-16V80a16 16 0 0 0-16-16zm0 160H176a16 16 0 0 0-16 16v32a16 16 0 0 0 16 16h320a16 16 0 0 0 16-16v-32a16 16 0 0 0-16-16z\"><\/path><\/svg>\t\t\t\t<\/span>\n\t\t\t<\/div>\n\t\t\t\n\t\t\t\t\t\t<div class=\"elementor-icon-box-content\">\n\n\t\t\t\t\t\t\t\t\t<h3 class=\"elementor-icon-box-title\">\n\t\t\t\t\t\t<span  >\n\t\t\t\t\t\t\tDocumentaci\u00f3n a presentar\t\t\t\t\t\t<\/span>\n\t\t\t\t\t<\/h3>\n\t\t\t\t\n\t\t\t\t\n\t\t\t<\/div>\n\t\t\t\n\t\t<\/div>\n\t\t\t\t\t\t<\/div>\n\t\t\t\t<\/div>\n\t\t\t\t<div class=\"elementor-element elementor-element-ffb0a5f elementor-widget elementor-widget-text-editor\" data-id=\"ffb0a5f\" data-element_type=\"widget\" data-e-type=\"widget\" data-widget_type=\"text-editor.default\">\n\t\t\t\t<div class=\"elementor-widget-container\">\n\t\t\t\t\t\t\t\t\t<p>&#8211; Fotocopia DNI del titular<br>&#8211; Documentaci\u00f3n del inmueble (boleto de compraventa, cesi\u00f3n de derechos,&nbsp; adjudicaci\u00f3n del bien, declaraci\u00f3n de herederos u otros).<br>&#8211; Documentaci\u00f3n que acredite el domicilio (servicio a su nombre, exposici\u00f3n policial o declaraci\u00f3n jurada).<br>&#8211; Libre deuda de tasas municipales.<br>&#8211; Para autorizaci\u00f3n de zanjeo, debe incorporar el proyecto.<br>&#8211; Folio parcelario\/ certificado de amojonamiento\/ mensura.<\/p>\t\t\t\t\t\t\t\t<\/div>\n\t\t\t\t<\/div>\n\t\t\t\t<\/div>\n\t\t<div class=\"elementor-element elementor-element-56dae0f e-con-full e-flex e-con e-child\" data-id=\"56dae0f\" data-element_type=\"container\" data-e-type=\"container\">\n\t\t\t\t<div class=\"elementor-element elementor-element-b2fd4df elementor-view-default elementor-position-block-start elementor-mobile-position-block-start elementor-widget elementor-widget-icon-box\" data-id=\"b2fd4df\" data-element_type=\"widget\" data-e-type=\"widget\" data-widget_type=\"icon-box.default\">\n\t\t\t\t<div class=\"elementor-widget-container\">\n\t\t\t\t\t\t\t<div class=\"elementor-icon-box-wrapper\">\n\n\t\t\t\t\t\t<div class=\"elementor-icon-box-icon\">\n\t\t\t\t<span  class=\"elementor-icon\">\n\t\t\t\t<svg aria-hidden=\"true\" class=\"e-font-icon-svg e-fas-map-marker\" viewBox=\"0 0 384 512\" xmlns=\"http:\/\/www.w3.org\/2000\/svg\"><path d=\"M172.268 501.67C26.97 291.031 0 269.413 0 192 0 85.961 85.961 0 192 0s192 85.961 192 192c0 77.413-26.97 99.031-172.268 309.67-9.535 13.774-29.93 13.773-39.464 0z\"><\/path><\/svg>\t\t\t\t<\/span>\n\t\t\t<\/div>\n\t\t\t\n\t\t\t\t\t\t<div class=\"elementor-icon-box-content\">\n\n\t\t\t\t\t\t\t\t\t<h3 class=\"elementor-icon-box-title\">\n\t\t\t\t\t\t<span  >\n\t\t\t\t\t\t\t\u00bfD\u00f3nde inicio y c\u00f3mo contin\u00faa el tr\u00e1mite?\t\t\t\t\t\t<\/span>\n\t\t\t\t\t<\/h3>\n\t\t\t\t\n\t\t\t\t\n\t\t\t<\/div>\n\t\t\t\n\t\t<\/div>\n\t\t\t\t\t\t<\/div>\n\t\t\t\t<\/div>\n\t\t\t\t<div class=\"elementor-element elementor-element-adf5078 elementor-widget elementor-widget-text-editor\" data-id=\"adf5078\" data-element_type=\"widget\" data-e-type=\"widget\" data-widget_type=\"text-editor.default\">\n\t\t\t\t<div class=\"elementor-widget-container\">\n\t\t\t\t\t\t\t\t\t<p>La documentaci\u00f3n se presenta presencialmente en el Banco de Tierras (24 de septiembre 12), lunes, mi\u00e9rcoles y viernes de 8 a 13hs.<\/p>\n<p><strong>Consultas:<\/strong> banco@imtvhs.gob.ar \/ WhatsApp 2944382760<\/p>\n<p>Una vez recibida la documentaci\u00f3n, el IMTVHS realizar\u00e1 un informe social en el domicilio del solicitante e iniciar\u00e1 el proyecto de Resoluci\u00f3n para la eximici\u00f3n de presentaci\u00f3n del Certificado de Dominio, que rubrica Intendencia.<\/p>\t\t\t\t\t\t\t\t<\/div>\n\t\t\t\t<\/div>\n\t\t\t\t<\/div>\n\t\t\t\t\t<\/div>\n\t\t\t\t<\/div>\n\t\t<div class=\"elementor-element elementor-element-ace25c6 e-flex e-con-boxed e-con e-parent\" data-id=\"ace25c6\" data-element_type=\"container\" data-e-type=\"container\">\n\t\t\t\t\t<div class=\"e-con-inner\">\n\t\t<div class=\"elementor-element elementor-element-4c07662 e-flex e-con-boxed e-con e-child\" data-id=\"4c07662\" data-element_type=\"container\" data-e-type=\"container\">\n\t\t\t\t\t<div class=\"e-con-inner\">\n\t\t<div class=\"elementor-element elementor-element-822ade7 e-flex e-con-boxed e-con e-child\" data-id=\"822ade7\" data-element_type=\"container\" data-e-type=\"container\">\n\t\t\t\t\t<div class=\"e-con-inner\">\n\t\t<div class=\"elementor-element elementor-element-c3c2ac1 e-flex e-con-boxed e-con e-child\" data-id=\"c3c2ac1\" data-element_type=\"container\" data-e-type=\"container\">\n\t\t\t\t\t<div class=\"e-con-inner\">\n\t\t<div class=\"elementor-element elementor-element-cdb9cf1 e-flex e-con-boxed e-con e-child\" data-id=\"cdb9cf1\" data-element_type=\"container\" data-e-type=\"container\">\n\t\t\t\t\t<div class=\"e-con-inner\">\n\t\t\t\t<div class=\"elementor-element elementor-element-2901b04 elementor-widget elementor-widget-image\" data-id=\"2901b04\" data-element_type=\"widget\" data-e-type=\"widget\" data-widget_type=\"image.default\">\n\t\t\t\t<div class=\"elementor-widget-container\">\n\t\t\t\t\t\t\t\t\t\t\t\t\t\t\t<img decoding=\"async\" width=\"1024\" height=\"157\" src=\"https:\/\/imtvhs.gob.ar\/wordpress\/wp-content\/uploads\/2024\/06\/logo_encabezado.jpg\" class=\"attachment-large size-large wp-image-136\" alt=\"\" \/>\t\t\t\t\t\t\t\t\t\t\t\t\t\t\t<\/div>\n\t\t\t\t<\/div>\n\t\t\t\t\t<\/div>\n\t\t\t\t<\/div>\n\t\t\t\t\t<\/div>\n\t\t\t\t<\/div>\n\t\t\t\t\t<\/div>\n\t\t\t\t<\/div>\n\t\t\t\t\t<\/div>\n\t\t\t\t<\/div>\n\t\t\t\t\t<\/div>\n\t\t\t\t<\/div>\n\t\t\t\t<\/div>\n\t\t","protected":false},"excerpt":{"rendered":"<p>&lt;&lt;&lt; VOLVER \u00a0 En el IMTVHS facilitamos el acceso a los servicios esenciales, eximiendo de la presentaci\u00f3n del Certificado de [&hellip;]<\/p>\n","protected":false},"author":3,"featured_media":0,"parent":0,"menu_order":0,"comment_status":"closed","ping_status":"closed","template":"","meta":{"site-sidebar-layout":"no-sidebar","site-content-layout":"","ast-site-content-layout":"full-width-container","site-content-style":"default","site-sidebar-style":"default","ast-global-header-display":"","ast-banner-title-visibility":"","ast-main-header-display":"","ast-hfb-above-header-display":"","ast-hfb-below-header-display":"","ast-hfb-mobile-header-display":"","site-post-title":"disabled","ast-breadcrumbs-content":"","ast-featured-img":"disabled","footer-sml-layout":"","ast-disable-related-posts":"","theme-transparent-header-meta":"","adv-header-id-meta":"","stick-header-meta":"","header-above-stick-meta":"","header-main-stick-meta":"","header-below-stick-meta":"","astra-migrate-meta-layouts":"default","ast-page-background-enabled":"default","ast-page-background-meta":{"desktop":{"background-color":"var(--ast-global-color-4)","background-image":"","background-repeat":"repeat","background-position":"center center","background-size":"auto","background-attachment":"scroll","background-type":"","background-media":"","overlay-type":"","overlay-color":"","overlay-opacity":"","overlay-gradient":""},"tablet":{"background-color":"","background-image":"","background-repeat":"repeat","background-position":"center center","background-size":"auto","background-attachment":"scroll","background-type":"","background-media":"","overlay-type":"","overlay-color":"","overlay-opacity":"","overlay-gradient":""},"mobile":{"background-color":"","background-image":"","background-repeat":"repeat","background-position":"center center","background-size":"auto","background-attachment":"scroll","background-type":"","background-media":"","overlay-type":"","overlay-color":"","overlay-opacity":"","overlay-gradient":""}},"ast-content-background-meta":{"desktop":{"background-color":"var(--ast-global-color-5)","background-image":"","background-repeat":"repeat","background-position":"center center","background-size":"auto","background-attachment":"scroll","background-type":"","background-media":"","overlay-type":"","overlay-color":"","overlay-opacity":"","overlay-gradient":""},"tablet":{"background-color":"var(--ast-global-color-5)","background-image":"","background-repeat":"repeat","background-position":"center center","background-size":"auto","background-attachment":"scroll","background-type":"","background-media":"","overlay-type":"","overlay-color":"","overlay-opacity":"","overlay-gradient":""},"mobile":{"background-color":"var(--ast-global-color-5)","background-image":"","background-repeat":"repeat","background-position":"center center","background-size":"auto","background-attachment":"scroll","background-type":"","background-media":"","overlay-type":"","overlay-color":"","overlay-opacity":"","overlay-gradient":""}},"footnotes":""},"class_list":["post-328","page","type-page","status-publish","hentry"],"_links":{"self":[{"href":"https:\/\/imtvhs.gob.ar\/wordpress\/index.php\/wp-json\/wp\/v2\/pages\/328","targetHints":{"allow":["GET"]}}],"collection":[{"href":"https:\/\/imtvhs.gob.ar\/wordpress\/index.php\/wp-json\/wp\/v2\/pages"}],"about":[{"href":"https:\/\/imtvhs.gob.ar\/wordpress\/index.php\/wp-json\/wp\/v2\/types\/page"}],"author":[{"embeddable":true,"href":"https:\/\/imtvhs.gob.ar\/wordpress\/index.php\/wp-json\/wp\/v2\/users\/3"}],"replies":[{"embeddable":true,"href":"https:\/\/imtvhs.gob.ar\/wordpress\/index.php\/wp-json\/wp\/v2\/comments?post=328"}],"version-history":[{"count":13,"href":"https:\/\/imtvhs.gob.ar\/wordpress\/index.php\/wp-json\/wp\/v2\/pages\/328\/revisions"}],"predecessor-version":[{"id":400,"href":"https:\/\/imtvhs.gob.ar\/wordpress\/index.php\/wp-json\/wp\/v2\/pages\/328\/revisions\/400"}],"wp:attachment":[{"href":"https:\/\/imtvhs.gob.ar\/wordpress\/index.php\/wp-json\/wp\/v2\/media?parent=328"}],"curies":[{"name":"wp","href":"https:\/\/api.w.org\/{rel}","templated":true}]}}